{"id":18,"date":"2025-05-15T09:50:23","date_gmt":"2025-05-15T09:50:23","guid":{"rendered":"https:\/\/minnaro.vamtam.com\/?page_id=18"},"modified":"2025-12-12T11:33:37","modified_gmt":"2025-12-12T10:33:37","slug":"inicio","status":"publish","type":"page","link":"https:\/\/moblesvallcorba.es\/","title":{"rendered":"Inicio"},"content":{"rendered":"<h1>\n<h1> Mobles Vallcorba<\/h1>\n<p>  M\u00e1s de 50 a\u00f1os amueblando hogares con cercan\u00eda, confianza y calidad.<br \/>\n<\/h1>\n<p>Soy Carme, y desde nuestra tienda en Sant Feliu de Codines te acompa\u00f1o a encontrar el mueble perfecto, como si fuera para mi propia casa.<\/p>\n<p>\t\t\t\t\t\t\t\t\t\t\t\t\t<img loading=\"lazy\" decoding=\"async\" width=\"800\" height=\"570\" src=\"http:\/\/moblesvallcorba.es\/wp-content\/uploads\/2025\/05\/GettyImages-1796996457.jpg\" alt=\"\" srcset=\"https:\/\/moblesvallcorba.es\/wp-content\/uploads\/2025\/05\/GettyImages-1796996457.jpg 801w, https:\/\/moblesvallcorba.es\/wp-content\/uploads\/2025\/05\/GettyImages-1796996457-300x214.jpg 300w, https:\/\/moblesvallcorba.es\/wp-content\/uploads\/2025\/05\/GettyImages-1796996457-768x547.jpg 768w\" sizes=\"auto, (max-width: 800px) 100vw, 800px\" \/>\t\t\t\t\t\t\t\t\t\t\t\t\t\t\t\t\t\t\t\t\t\t\t\t\t\t<img loading=\"lazy\" decoding=\"async\" width=\"800\" height=\"533\" src=\"http:\/\/moblesvallcorba.es\/wp-content\/uploads\/2025\/08\/home-accessories-and-household-products-in-store-o-2025-02-25-20-44-32-utc-1536x1024.jpg\" alt=\"\" srcset=\"https:\/\/moblesvallcorba.es\/wp-content\/uploads\/2025\/08\/home-accessories-and-household-products-in-store-o-2025-02-25-20-44-32-utc-1536x1024.jpg 1536w, https:\/\/moblesvallcorba.es\/wp-content\/uploads\/2025\/08\/home-accessories-and-household-products-in-store-o-2025-02-25-20-44-32-utc-300x200.jpg 300w, https:\/\/moblesvallcorba.es\/wp-content\/uploads\/2025\/08\/home-accessories-and-household-products-in-store-o-2025-02-25-20-44-32-utc-1024x683.jpg 1024w, https:\/\/moblesvallcorba.es\/wp-content\/uploads\/2025\/08\/home-accessories-and-household-products-in-store-o-2025-02-25-20-44-32-utc-768x512.jpg 768w, https:\/\/moblesvallcorba.es\/wp-content\/uploads\/2025\/08\/home-accessories-and-household-products-in-store-o-2025-02-25-20-44-32-utc-2048x1365.jpg 2048w\" sizes=\"auto, (max-width: 800px) 100vw, 800px\" \/>\t\t\t\t\t\t\t\t\t\t\t\t\t\t\t\t\t\t\t\t\t\t\t\t\t\t<img loading=\"lazy\" decoding=\"async\" width=\"800\" height=\"533\" src=\"http:\/\/moblesvallcorba.es\/wp-content\/uploads\/2025\/08\/empty-cafe-or-restaurant-interior-at-a-daytime-2025-02-24-16-05-23-utc-2048x1365.jpg\" alt=\"\" srcset=\"https:\/\/moblesvallcorba.es\/wp-content\/uploads\/2025\/08\/empty-cafe-or-restaurant-interior-at-a-daytime-2025-02-24-16-05-23-utc-2048x1365.jpg 2048w, https:\/\/moblesvallcorba.es\/wp-content\/uploads\/2025\/08\/empty-cafe-or-restaurant-interior-at-a-daytime-2025-02-24-16-05-23-utc-300x200.jpg 300w, https:\/\/moblesvallcorba.es\/wp-content\/uploads\/2025\/08\/empty-cafe-or-restaurant-interior-at-a-daytime-2025-02-24-16-05-23-utc-1024x683.jpg 1024w, https:\/\/moblesvallcorba.es\/wp-content\/uploads\/2025\/08\/empty-cafe-or-restaurant-interior-at-a-daytime-2025-02-24-16-05-23-utc-768x512.jpg 768w, https:\/\/moblesvallcorba.es\/wp-content\/uploads\/2025\/08\/empty-cafe-or-restaurant-interior-at-a-daytime-2025-02-24-16-05-23-utc-1536x1024.jpg 1536w\" sizes=\"auto, (max-width: 800px) 100vw, 800px\" \/>\t\t\t\t\t\t\t\t\t\t\t\t\t\t\t\t<\/p>\n<h2>Mobles Vallcorba<\/h2>\n<h2>Nuestros productos<\/h2>\n<p>Descubre nuestro cat\u00e1logo y muebles disponibles para entrega inmediata<\/p>\n<h2>Cat\u00e1logo por categor\u00edas<\/h2>\n<p>Estos son muebles que tenemos actualmente en la tienda, disponibles para entrega inmediata. Puedes venir a verlos o consultarnos directamente.<\/p>\n<p>\t\t\t\t\t\t\t\t<a href=\"#\"><br \/>\n\t\t\t\t\t\t\t\t\tTienda<br \/>\n\t\t\t\t\t<\/a><br \/>\n\t\t\t\t\t\t\t\t\t\t\t\t\t\t<a href=\"#\"><br \/>\n\t\t\t\t\t\t\t\t\tOulet<br \/>\n\t\t\t\t\t<\/a><\/p>\n<h2>Somos distribuidores de:<\/h2>\n<p>Si ves un mueble que no tenemos en la tienda, te lo podemos hacer<\/p>\n<p>\t\t\t\t\t\t\t\t\t\t\t\t\t\t\t\t\t<img loading=\"lazy\" decoding=\"async\" width=\"768\" height=\"1152\" src=\"http:\/\/moblesvallcorba.es\/wp-content\/uploads\/2025\/12\/IMG_0016-768x1152.jpg\" alt=\"\" srcset=\"https:\/\/moblesvallcorba.es\/wp-content\/uploads\/2025\/12\/IMG_0016-768x1152.jpg 768w, https:\/\/moblesvallcorba.es\/wp-content\/uploads\/2025\/12\/IMG_0016-200x300.jpg 200w, https:\/\/moblesvallcorba.es\/wp-content\/uploads\/2025\/12\/IMG_0016-683x1024.jpg 683w, https:\/\/moblesvallcorba.es\/wp-content\/uploads\/2025\/12\/IMG_0016-1024x1536.jpg 1024w, https:\/\/moblesvallcorba.es\/wp-content\/uploads\/2025\/12\/IMG_0016-1365x2048.jpg 1365w, https:\/\/moblesvallcorba.es\/wp-content\/uploads\/2025\/12\/IMG_0016-scaled.jpg 1707w\" sizes=\"auto, (max-width: 768px) 100vw, 768px\" \/>\t\t\t\t\t\t\t\t\t\t\t\t\t\t\t\t\t\t<\/p>\n<h2>Especialistas en descanso<\/h2>\n<h5>Somos especialistas en descanso: colchones, camas, almohadas, fundas y protecciones. Trabajamos con marcas de confianza para garantizarte un descanso reparador y saludable.<\/h5>\n<h5>Te recomendamos el mejor producto seg\u00fan lo que necesites, con la experiencia de m\u00e1s de 50 a\u00f1os ayudando a las familias de Sant Feliu y alrededores a descansar mejor.<\/h5>\n<p>\t\t\t\t\t\t\t\t\t\t<a href=\"http:\/\/moblesvallcorba.es\/?page_id=7805\"><br \/>\n\t\t\t\t\t\t\t\t\tConsultar descanso<br \/>\n\t\t\t\t\t<\/a><br \/>\n\t\t\t\t\t\t\t\t\t\t\t\t\t\t\t\t\t<img loading=\"lazy\" decoding=\"async\" width=\"768\" height=\"1152\" src=\"http:\/\/moblesvallcorba.es\/wp-content\/uploads\/2025\/12\/A2A678E2-91AD-4056-B01D-2BE0BEBF1ACE-768x1152.jpeg\" alt=\"\" srcset=\"https:\/\/moblesvallcorba.es\/wp-content\/uploads\/2025\/12\/A2A678E2-91AD-4056-B01D-2BE0BEBF1ACE-768x1152.jpeg 768w, https:\/\/moblesvallcorba.es\/wp-content\/uploads\/2025\/12\/A2A678E2-91AD-4056-B01D-2BE0BEBF1ACE-200x300.jpeg 200w, https:\/\/moblesvallcorba.es\/wp-content\/uploads\/2025\/12\/A2A678E2-91AD-4056-B01D-2BE0BEBF1ACE-683x1024.jpeg 683w, https:\/\/moblesvallcorba.es\/wp-content\/uploads\/2025\/12\/A2A678E2-91AD-4056-B01D-2BE0BEBF1ACE-1024x1536.jpeg 1024w, https:\/\/moblesvallcorba.es\/wp-content\/uploads\/2025\/12\/A2A678E2-91AD-4056-B01D-2BE0BEBF1ACE-1365x2048.jpeg 1365w, https:\/\/moblesvallcorba.es\/wp-content\/uploads\/2025\/12\/A2A678E2-91AD-4056-B01D-2BE0BEBF1ACE-scaled.jpeg 1706w\" sizes=\"auto, (max-width: 768px) 100vw, 768px\" \/>\t\t\t\t\t\t\t\t\t\t\t\t\t\t\t\t\t\t<\/p>\n<h2>Carme Vallcorba<\/h2>\n<blockquote>\n<p>\n\t\t\t\tCada mueble tiene su historia, y cada cliente es \u00fanico. Aqu\u00ed no vendemos solo muebles, acompa\u00f1amos a las familias en los momentos importantes de sus vidas.\u201d\t\t\t<\/p>\n<\/blockquote>\n<h5>Carme es el alma de Mobles Vallcorba. Con m\u00e1s de tres d\u00e9cadas de experiencia, conoce cada producto y a cada cliente. Su compromiso con la calidad y el servicio personalizado ha convertido la tienda en un referente en Sant Feliu de Codines.<\/h5>\n<h2>Proyectos y colaboraciones<\/h2>\n<p>Realizamos proyectos de interiorismo completos y colaboramos con inmobiliarias locales para amueblar pisos completos o sustituir muebles antiguos. Servicio completo, incluido en el precio.<\/p>\n<p>Te ayudamos a amueblar tu piso, casa o segunda residencia, adapt\u00e1ndonos a tu presupuesto y necesidades.<\/p>\n<p>\t\t\t\t\t\t\t\t<a href=\"#\"><br \/>\n\t\t\t\t\t\t\t\t\tVer Loft Sant Feliu<br \/>\n\t\t\t\t\t<\/a><br \/>\n\t\t\t\t\t\t\t\t\t\t\t\t\t\t\t\t\t\t\t<img loading=\"lazy\" decoding=\"async\" width=\"800\" height=\"534\" src=\"http:\/\/moblesvallcorba.es\/wp-content\/uploads\/2025\/08\/coffee-table-2024-09-23-04-36-56-utc-1024x683.jpg\" alt=\"\" srcset=\"https:\/\/moblesvallcorba.es\/wp-content\/uploads\/2025\/08\/coffee-table-2024-09-23-04-36-56-utc-1024x683.jpg 1024w, https:\/\/moblesvallcorba.es\/wp-content\/uploads\/2025\/08\/coffee-table-2024-09-23-04-36-56-utc-300x200.jpg 300w, https:\/\/moblesvallcorba.es\/wp-content\/uploads\/2025\/08\/coffee-table-2024-09-23-04-36-56-utc-768x512.jpg 768w, https:\/\/moblesvallcorba.es\/wp-content\/uploads\/2025\/08\/coffee-table-2024-09-23-04-36-56-utc-1536x1025.jpg 1536w, https:\/\/moblesvallcorba.es\/wp-content\/uploads\/2025\/08\/coffee-table-2024-09-23-04-36-56-utc-2048x1366.jpg 2048w\" sizes=\"auto, (max-width: 800px) 100vw, 800px\" \/><br \/>\n\t\t\t\t\t\t\t\t\t\t\t\t\t\t\t\t\t<img loading=\"lazy\" decoding=\"async\" width=\"683\" height=\"1024\" src=\"http:\/\/moblesvallcorba.es\/wp-content\/uploads\/2025\/12\/IMG_9999-683x1024.jpg\" alt=\"\" srcset=\"https:\/\/moblesvallcorba.es\/wp-content\/uploads\/2025\/12\/IMG_9999-683x1024.jpg 683w, https:\/\/moblesvallcorba.es\/wp-content\/uploads\/2025\/12\/IMG_9999-200x300.jpg 200w, https:\/\/moblesvallcorba.es\/wp-content\/uploads\/2025\/12\/IMG_9999-768x1152.jpg 768w, https:\/\/moblesvallcorba.es\/wp-content\/uploads\/2025\/12\/IMG_9999-1024x1536.jpg 1024w, https:\/\/moblesvallcorba.es\/wp-content\/uploads\/2025\/12\/IMG_9999-1365x2048.jpg 1365w, https:\/\/moblesvallcorba.es\/wp-content\/uploads\/2025\/12\/IMG_9999-scaled.jpg 1707w\" sizes=\"auto, (max-width: 683px) 100vw, 683px\" \/>\t\t\t\t\t\t\t\t\t\t\t\t\t\t\t\t\t\t<\/p>\n<h2>A\u00f1ade aqu\u00ed tu texto de cabecera<\/h2>\n<p>Mobles Vallcorba es una tienda de pueblo con m\u00e1s de 50 a\u00f1os de historia. Trabajamos de t\u00fa a t\u00fa, sin intermediarios. Vamos a verte, retiramos el sof\u00e1 viejo y colocamos el nuevo. As\u00ed de f\u00e1cil.<\/p>\n<p>Carme Vallcorba es el alma de la tienda. Conoce cada mueble, a cada cliente y cada historia. Con ella, el trato es siempre de t\u00fa a t\u00fa, como se ha hecho toda la vida: cercano, sincero y sin prisas.<\/p>\n<p>Disponemos de una tienda f\u00edsica con mucho stock disponible. Puedes venir a ver, tocar y probar los muebles antes de comprarlos. Si te gusta, te lo llevamos y lo instalamos directamente en tu casa.<\/p>\n<p>\t\t\t\t\t\t\t\t<a href=\"#\"><br \/>\n\t\t\t\t\t\t\t\t\tContactar con nosotros<br \/>\n\t\t\t\t\t<\/a><\/p>\n<h2>Horario de atenci\u00f3n<\/h2>\n<p data-start=\"137\" data-end=\"179\"><strong data-start=\"137\" data-end=\"160\">De lunes a viernes:<\/strong> de 18:00 a 20:00<\/p>\n<p data-start=\"181\" data-end=\"225\"><strong data-start=\"181\" data-end=\"215\">Martes y domingo por la tarde:<\/strong> cerrado<\/p>\n<p data-start=\"227\" data-end=\"257\"><strong data-start=\"227\" data-end=\"238\">S\u00e1bado:<\/strong> de 10:00 a 13:30<\/p>\n<p data-start=\"181\" data-end=\"225\">\u00a0<\/p>\n","protected":false},"excerpt":{"rendered":"<p>Mobles Vallcorba M\u00e1s de 50 a\u00f1os amueblando hogares con cercan\u00eda, confianza y calidad. Soy Carme, y desde nuestra tienda en Sant Feliu de Codines te acompa\u00f1o a encontrar el mueble perfecto, como si fuera para mi propia casa. Mobles Vallcorba Nuestros productos Descubre nuestro cat\u00e1logo y muebles disponibles para entrega inmediata Cat\u00e1logo por categor\u00edas Estos [&hellip;]<\/p>\n","protected":false},"author":1,"featured_media":0,"parent":0,"menu_order":0,"comment_status":"closed","ping_status":"closed","template":"","meta":{"footnotes":""},"class_list":["post-18","page","type-page","status-publish","hentry"],"_links":{"self":[{"href":"https:\/\/moblesvallcorba.es\/index.php?rest_route=\/wp\/v2\/pages\/18","targetHints":{"allow":["GET"]}}],"collection":[{"href":"https:\/\/moblesvallcorba.es\/index.php?rest_route=\/wp\/v2\/pages"}],"about":[{"href":"https:\/\/moblesvallcorba.es\/index.php?rest_route=\/wp\/v2\/types\/page"}],"author":[{"embeddable":true,"href":"https:\/\/moblesvallcorba.es\/index.php?rest_route=\/wp\/v2\/users\/1"}],"replies":[{"embeddable":true,"href":"https:\/\/moblesvallcorba.es\/index.php?rest_route=%2Fwp%2Fv2%2Fcomments&post=18"}],"version-history":[{"count":82,"href":"https:\/\/moblesvallcorba.es\/index.php?rest_route=\/wp\/v2\/pages\/18\/revisions"}],"predecessor-version":[{"id":987739,"href":"https:\/\/moblesvallcorba.es\/index.php?rest_route=\/wp\/v2\/pages\/18\/revisions\/987739"}],"wp:attachment":[{"href":"https:\/\/moblesvallcorba.es\/index.php?rest_route=%2Fwp%2Fv2%2Fmedia&parent=18"}],"curies":[{"name":"wp","href":"https:\/\/api.w.org\/{rel}","templated":true}]}}